{"id":20,"date":"2022-09-07T08:29:21","date_gmt":"2022-09-07T08:29:21","guid":{"rendered":"https:\/\/statinesaugrandage.fr\/?page_id=20"},"modified":"2024-09-10T13:47:49","modified_gmt":"2024-09-10T13:47:49","slug":"home","status":"publish","type":"page","link":"https:\/\/statinesaugrandage.fr\/","title":{"rendered":""},"content":{"rendered":"\n<p>A partir de 75 ans, l\u2019impact des statines en pr\u00e9vention primaire sur la mortalit\u00e9 n\u2019est pas d\u00e9montr\u00e9.<\/p>\n\n\n\n<p>Les statines sont associ\u00e9es \u00e0 de nombreux effets secondaires, en particulier chez le sujet \u00e2g\u00e9 incluant&nbsp;: myalgies, diab\u00e8te, fatigue et perte d\u2019\u00e9nergie, ralentissement de l\u2019activit\u00e9, ainsi qu\u2019\u00e0 des interactions m\u00e9dicamenteuses, pouvant avoir un impact n\u00e9gatif sur la qualit\u00e9 de vie.<br>En France, chaque ann\u00e9e, les traitements par statines co\u00fbtent 800 millions d\u2019euros \u00e0 l\u2019Assurance Maladie, dont environ 200 millions d\u2019euros pour les personnes \u00e2g\u00e9es de 75 ans et plus.<\/p>\n\n\n\n<p>Alors, faut-il poursuivre les statines dans cette population ? C\u2019est la question \u00e0 laquelle tente de r\u00e9pondre l\u2019\u00e9tude SAGA !<\/p>\n\n\n\n<div class=\"wp-block-cover alignfull is-light hestia-clear-top-padding\" style=\"min-height:217px;aspect-ratio:unset;\"><span aria-hidden=\"true\" class=\"wp-block-cover__background has-white-background-color has-background-dim-100 has-background-dim\"><\/span><div class=\"wp-block-cover__inner-container is-layout-flow wp-block-cover-is-layout-flow\">\n<div class=\"wp-block-columns container is-layout-flex wp-container-core-columns-is-layout-28f84493 wp-block-columns-is-layout-flex\">\n<div class=\"wp-block-column is-layout-flow wp-block-column-is-layout-flow\">\n<div class=\"wp-block-cover is-light wp-duotone-unset-1\" style=\"min-height:147px;aspect-ratio:unset;\"><span aria-hidden=\"true\" class=\"wp-block-cover__background has-background-dim\"><\/span><img fetchpriority=\"high\" decoding=\"async\" width=\"1024\" height=\"682\" class=\"wp-block-cover__image-background wp-image-146\" alt=\"\" src=\"https:\/\/statinesaugrandage.fr\/wp-content\/uploads\/2023\/07\/addiction-71538_1280-1024x682.jpg\" data-object-fit=\"cover\" srcset=\"https:\/\/statinesaugrandage.fr\/wp-content\/uploads\/2023\/07\/addiction-71538_1280-1024x682.jpg 1024w, https:\/\/statinesaugrandage.fr\/wp-content\/uploads\/2023\/07\/addiction-71538_1280-300x200.jpg 300w, https:\/\/statinesaugrandage.fr\/wp-content\/uploads\/2023\/07\/addiction-71538_1280-768x512.jpg 768w, https:\/\/statinesaugrandage.fr\/wp-content\/uploads\/2023\/07\/addiction-71538_1280-600x400.jpg 600w, https:\/\/statinesaugrandage.fr\/wp-content\/uploads\/2023\/07\/addiction-71538_1280.jpg 1280w\" sizes=\"(max-width: 1024px) 100vw, 1024px\" \/><div class=\"wp-block-cover__inner-container is-layout-flow wp-block-cover-is-layout-flow\">\n<p class=\"has-text-align-center has-white-color has-text-color has-medium-font-size\"><strong><a href=\"https:\/\/statinesaugrandage.fr\/index.php\/2023\/07\/13\/les-objectifs-de-saga\/\">Objectifs<\/a><\/strong><\/p>\n<\/div><\/div>\n<\/div>\n\n\n\n<div class=\"wp-block-column is-layout-flow wp-block-column-is-layout-flow\">\n<div class=\"wp-block-cover\" style=\"min-height:150px;aspect-ratio:unset;\"><span aria-hidden=\"true\" class=\"wp-block-cover__background has-background-dim\"><\/span><img decoding=\"async\" width=\"1024\" height=\"790\" class=\"wp-block-cover__image-background wp-image-147\" alt=\"\" src=\"https:\/\/statinesaugrandage.fr\/wp-content\/uploads\/2023\/07\/hands-216981_1280-1024x790.jpg\" data-object-fit=\"cover\" srcset=\"https:\/\/statinesaugrandage.fr\/wp-content\/uploads\/2023\/07\/hands-216981_1280-1024x790.jpg 1024w, https:\/\/statinesaugrandage.fr\/wp-content\/uploads\/2023\/07\/hands-216981_1280-300x232.jpg 300w, https:\/\/statinesaugrandage.fr\/wp-content\/uploads\/2023\/07\/hands-216981_1280-768x593.jpg 768w, https:\/\/statinesaugrandage.fr\/wp-content\/uploads\/2023\/07\/hands-216981_1280.jpg 1280w\" sizes=\"(max-width: 1024px) 100vw, 1024px\" \/><div class=\"wp-block-cover__inner-container is-layout-flow wp-block-cover-is-layout-flow\">\n<p class=\"has-text-align-center has-white-color has-text-color has-medium-font-size\"><strong><a href=\"https:\/\/statinesaugrandage.fr\/index.php\/2023\/07\/13\/informations-pratiques\/\">Informations pratiques<\/a><\/strong><\/p>\n<\/div><\/div>\n<\/div>\n\n\n\n<div class=\"wp-block-column is-layout-flow wp-block-column-is-layout-flow\">\n<div class=\"wp-block-cover\" style=\"min-height:149px;aspect-ratio:unset;\"><span aria-hidden=\"true\" class=\"wp-block-cover__background has-background-dim\"><\/span><img decoding=\"async\" width=\"1024\" height=\"576\" class=\"wp-block-cover__image-background wp-image-148\" alt=\"\" src=\"https:\/\/statinesaugrandage.fr\/wp-content\/uploads\/2023\/07\/heartbeat-163709_1280-1024x576.jpg\" data-object-fit=\"cover\" srcset=\"https:\/\/statinesaugrandage.fr\/wp-content\/uploads\/2023\/07\/heartbeat-163709_1280-1024x576.jpg 1024w, https:\/\/statinesaugrandage.fr\/wp-content\/uploads\/2023\/07\/heartbeat-163709_1280-300x169.jpg 300w, https:\/\/statinesaugrandage.fr\/wp-content\/uploads\/2023\/07\/heartbeat-163709_1280-768x432.jpg 768w, https:\/\/statinesaugrandage.fr\/wp-content\/uploads\/2023\/07\/heartbeat-163709_1280.jpg 1280w\" sizes=\"(max-width: 1024px) 100vw, 1024px\" \/><div class=\"wp-block-cover__inner-container is-layout-flow wp-block-cover-is-layout-flow\">\n<p class=\"has-text-align-center has-white-color has-text-color has-medium-font-size\"><strong><a href=\"https:\/\/statinesaugrandage.fr\/index.php\/2022\/09\/13\/les-newsletters-de-saga\/\">Newsletters<\/a><\/strong><\/p>\n<\/div><\/div>\n<\/div>\n<\/div>\n<\/div><\/div>\n\n\n\n<div class=\"wp-block-columns is-layout-flex wp-container-core-columns-is-layout-28f84493 wp-block-columns-is-layout-flex\">\n<div class=\"wp-block-column is-layout-flow wp-block-column-is-layout-flow\">\n<figure class=\"wp-block-image size-full is-resized\"><a href=\"https:\/\/clinicalresearch-bordeaux.ennov.com\/EnnovClinical\/login?labo=BORD\" target=\"_blank\" rel=\"noreferrer noopener\"><img loading=\"lazy\" decoding=\"async\" width=\"773\" height=\"248\" src=\"https:\/\/statinesaugrandage.fr\/wp-content\/uploads\/2023\/07\/CRF-1.png\" alt=\"\" class=\"wp-image-159\" style=\"width:291px;height:93px\" srcset=\"https:\/\/statinesaugrandage.fr\/wp-content\/uploads\/2023\/07\/CRF-1.png 773w, https:\/\/statinesaugrandage.fr\/wp-content\/uploads\/2023\/07\/CRF-1-300x96.png 300w, https:\/\/statinesaugrandage.fr\/wp-content\/uploads\/2023\/07\/CRF-1-768x246.png 768w\" sizes=\"(max-width: 773px) 100vw, 773px\" \/><\/a><\/figure>\n<\/div>\n\n\n\n<div class=\"wp-block-column is-layout-flow wp-block-column-is-layout-flow\">\n<p class=\"has-text-align-center\"><strong>Au 30 juin 2023, l&rsquo;\u00e9tude est termin\u00e9e, 1230 patients ont \u00e9t\u00e9 inclus et suivis pendant les 3 ans de la recherche<\/strong><\/p>\n<\/div>\n<\/div>\n\n\n\n<p><\/p>\n","protected":false},"excerpt":{"rendered":"<p>A partir de 75 ans, l\u2019impact des statines en pr\u00e9vention primaire sur la mortalit\u00e9 n\u2019est pas d\u00e9montr\u00e9. Les statines sont associ\u00e9es \u00e0 de nombreux effets secondaires, en particulier chez le sujet \u00e2g\u00e9 incluant&nbsp;: myalgies, diab\u00e8te, fatigue et perte d\u2019\u00e9nergie, ralentissement de l\u2019activit\u00e9, ainsi qu\u2019\u00e0 des interactions m\u00e9dicamenteuses, pouvant avoir un impact n\u00e9gatif sur la qualit\u00e9 [&hellip;]<\/p>\n","protected":false},"author":1,"featured_media":0,"parent":0,"menu_order":0,"comment_status":"closed","ping_status":"closed","template":"","meta":{"om_disable_all_campaigns":false,"_monsterinsights_skip_tracking":false,"_monsterinsights_sitenote_active":false,"_monsterinsights_sitenote_note":"","_monsterinsights_sitenote_category":0,"site-sidebar-layout":"default","site-content-layout":"","ast-site-content-layout":"default","site-content-style":"default","site-sidebar-style":"default","ast-global-header-display":"","ast-banner-title-visibility":"","ast-main-header-display":"","ast-hfb-above-header-display":"","ast-hfb-below-header-display":"","ast-hfb-mobile-header-display":"","site-post-title":"","ast-breadcrumbs-content":"","ast-featured-img":"","footer-sml-layout":"","theme-transparent-header-meta":"","adv-header-id-meta":"","stick-header-meta":"","header-above-stick-meta":"","header-main-stick-meta":"","header-below-stick-meta":"","astra-migrate-meta-layouts":"set","ast-page-background-enabled":"default","ast-page-background-meta":{"desktop":{"background-color":"var(--ast-global-color-4)","background-image":"","background-repeat":"repeat","background-position":"center center","background-size":"auto","background-attachment":"scroll","background-type":"","background-media":"","overlay-type":"","overlay-color":"","overlay-gradient":""},"tablet":{"background-color":"","background-image":"","background-repeat":"repeat","background-position":"center center","background-size":"auto","background-attachment":"scroll","background-type":"","background-media":"","overlay-type":"","overlay-color":"","overlay-gradient":""},"mobile":{"background-color":"","background-image":"","background-repeat":"repeat","background-position":"center center","background-size":"auto","background-attachment":"scroll","background-type":"","background-media":"","overlay-type":"","overlay-color":"","overlay-gradient":""}},"ast-content-background-meta":{"desktop":{"background-color":"var(--ast-global-color-5)","background-image":"","background-repeat":"repeat","background-position":"center center","background-size":"auto","background-attachment":"scroll","background-type":"","background-media":"","overlay-type":"","overlay-color":"","overlay-gradient":""},"tablet":{"background-color":"var(--ast-global-color-5)","background-image":"","background-repeat":"repeat","background-position":"center center","background-size":"auto","background-attachment":"scroll","background-type":"","background-media":"","overlay-type":"","overlay-color":"","overlay-gradient":""},"mobile":{"background-color":"var(--ast-global-color-5)","background-image":"","background-repeat":"repeat","background-position":"center center","background-size":"auto","background-attachment":"scroll","background-type":"","background-media":"","overlay-type":"","overlay-color":"","overlay-gradient":""}},"_kadence_starter_templates_imported_post":false,"footnotes":""},"class_list":["post-20","page","type-page","status-publish","hentry"],"aioseo_notices":[],"_links":{"self":[{"href":"https:\/\/statinesaugrandage.fr\/index.php\/wp-json\/wp\/v2\/pages\/20","targetHints":{"allow":["GET"]}}],"collection":[{"href":"https:\/\/statinesaugrandage.fr\/index.php\/wp-json\/wp\/v2\/pages"}],"about":[{"href":"https:\/\/statinesaugrandage.fr\/index.php\/wp-json\/wp\/v2\/types\/page"}],"author":[{"embeddable":true,"href":"https:\/\/statinesaugrandage.fr\/index.php\/wp-json\/wp\/v2\/users\/1"}],"replies":[{"embeddable":true,"href":"https:\/\/statinesaugrandage.fr\/index.php\/wp-json\/wp\/v2\/comments?post=20"}],"version-history":[{"count":14,"href":"https:\/\/statinesaugrandage.fr\/index.php\/wp-json\/wp\/v2\/pages\/20\/revisions"}],"predecessor-version":[{"id":311,"href":"https:\/\/statinesaugrandage.fr\/index.php\/wp-json\/wp\/v2\/pages\/20\/revisions\/311"}],"wp:attachment":[{"href":"https:\/\/statinesaugrandage.fr\/index.php\/wp-json\/wp\/v2\/media?parent=20"}],"curies":[{"name":"wp","href":"https:\/\/api.w.org\/{rel}","templated":true}]}}